{"id":60,"date":"2020-09-17T17:18:03","date_gmt":"2020-09-17T15:18:03","guid":{"rendered":"http:\/\/www.nzozlitewska.pl\/?page_id=60"},"modified":"2022-09-29T19:12:52","modified_gmt":"2022-09-29T17:12:52","slug":"o-poradni","status":"publish","type":"page","link":"https:\/\/www.nzozlitewska.pl\/index.php\/o-poradni\/","title":{"rendered":"O poradni"},"content":{"rendered":"\n<p style=\"text-align: justify; text-indent: 40px;\">Nasza poradnia w obecnej strukturze istnieje od 2004 r. Powsta\u0142a w wyniku reorganizacji Poradni Odwykowej, kt\u00f3ra dzia\u0142a\u0142a wcze\u015bniej &#8211; pierwszych pacjent\u00f3w przyj\u0119\u0142a w 1967 r. W\u00f3wczas poradnia podlega\u0142a Szpitalowi im. Franciszka Raszei i mie\u015bci\u0142a si\u0119 na ul. Mickiewicza 31 w Poznaniu.<\/p>\n<p style=\"text-align: justify; text-indent: 40px;\">Obecnie poradnia mie\u015bci si\u0119 na ul. Litewskiej 8.<\/p>\n<p style=\"text-align: justify; text-indent: 40px;\">Kontynuujemy tradycje pomagania oparte na profesjonalnym rozumieniu ludzkiego cierpienia. Postawa \u017cyczliwo\u015bci i akceptacji motywuje nas do ci\u0105g\u0142ego rozwoju. Aktualnie w zespole pracuj\u0105 terapeuci, kt\u00f3rzy stosuj\u0105 r\u00f3\u017cnorodne podej\u015bcia terapeutyczne istotne w szeroko rozumianej psychoterapii. Wszyscy terapeuci uzyskali certyfikaty potwierdzaj\u0105ce kwalifikacje do prowadzenie psychoterapii. Zesp\u00f3\u0142 poradni pozostaje w sta\u0142ej superwizji klinicznej.<\/p>\n<p style=\"text-align: justify; text-indent: 40px;\">Uzale\u017cnienie rozumiemy jako chorob\u0119, kt\u00f3r\u0105 mo\u017cna i trzeba leczy\u0107. Trwanie w destrukcji wynikaj\u0105cej z nadu\u017cywania alkoholu i \u015brodk\u00f3w psychoaktywnych niszczy talenty i zasoby chorego, a ca\u0142ej rodzinie przynosi dysfunkcj\u0119, z kt\u00f3r\u0105 trudno sobie poradzi\u0107 w samotno\u015bci.<\/p>\n<p style=\"text-align: justify; text-indent: 40px;\">Zapraszamy do zmiany, bo jest mo\u017cliwa!<\/p>\n<div class=\"su-image-carousel  su-image-carousel-columns-4 su-image-carousel-has-spacing su-image-carousel-crop su-image-carousel-crop-4-3 su-image-carousel-has-lightbox su-image-carousel-has-outline su-image-carousel-adaptive su-image-carousel-slides-style-photo su-image-carousel-controls-style-dark su-image-carousel-align-center\" style=\"\" data-flickity-options='{\"groupCells\":true,\"cellSelector\":\".su-image-carousel-item\",\"adaptiveHeight\":false,\"cellAlign\":\"left\",\"prevNextButtons\":false,\"pageDots\":false,\"autoPlay\":5000,\"imagesLoaded\":true,\"contain\":true,\"selectedAttraction\":0.025,\"friction\":0.28}' id=\"su_image_carousel_69e49dc5cf365\"><div class=\"su-image-carousel-item\"><div class=\"su-image-carousel-item-content\"><a href=\"https:\/\/www.nzozlitewska.pl\/wp-content\/uploads\/2020\/09\/rejestracja.jpg\" data-caption=\"\"><img width=\"750\" height=\"750\" src=\"https:\/\/www.nzozlitewska.pl\/wp-content\/uploads\/2020\/09\/rejestracja-1024x1024.jpg\" class=\"\" alt=\"\" loading=\"lazy\" srcset=\"https:\/\/www.nzozlitewska.pl\/wp-content\/uploads\/2020\/09\/rejestracja-1024x1024.jpg 1024w, https:\/\/www.nzozlitewska.pl\/wp-content\/uploads\/2020\/09\/rejestracja-300x300.jpg 300w, https:\/\/www.nzozlitewska.pl\/wp-content\/uploads\/2020\/09\/rejestracja-150x150.jpg 150w, https:\/\/www.nzozlitewska.pl\/wp-content\/uploads\/2020\/09\/rejestracja-768x768.jpg 768w, https:\/\/www.nzozlitewska.pl\/wp-content\/uploads\/2020\/09\/rejestracja-75x75.jpg 75w, https:\/\/www.nzozlitewska.pl\/wp-content\/uploads\/2020\/09\/rejestracja-230x231.jpg 230w, https:\/\/www.nzozlitewska.pl\/wp-content\/uploads\/2020\/09\/rejestracja-250x250.jpg 250w, https:\/\/www.nzozlitewska.pl\/wp-content\/uploads\/2020\/09\/rejestracja-116x116.jpg 116w, https:\/\/www.nzozlitewska.pl\/wp-content\/uploads\/2020\/09\/rejestracja.jpg 1095w\" sizes=\"(max-width: 750px) 100vw, 750px\" \/><\/a><\/div><\/div><div class=\"su-image-carousel-item\"><div class=\"su-image-carousel-item-content\"><a href=\"https:\/\/www.nzozlitewska.pl\/wp-content\/uploads\/2020\/09\/pokoj-niebieski.jpg\" data-caption=\"\"><img width=\"750\" height=\"750\" src=\"https:\/\/www.nzozlitewska.pl\/wp-content\/uploads\/2020\/09\/pokoj-niebieski.jpg\" class=\"\" alt=\"\" loading=\"lazy\" srcset=\"https:\/\/www.nzozlitewska.pl\/wp-content\/uploads\/2020\/09\/pokoj-niebieski.jpg 857w, https:\/\/www.nzozlitewska.pl\/wp-content\/uploads\/2020\/09\/pokoj-niebieski-300x300.jpg 300w, https:\/\/www.nzozlitewska.pl\/wp-content\/uploads\/2020\/09\/pokoj-niebieski-150x150.jpg 150w, https:\/\/www.nzozlitewska.pl\/wp-content\/uploads\/2020\/09\/pokoj-niebieski-768x768.jpg 768w, https:\/\/www.nzozlitewska.pl\/wp-content\/uploads\/2020\/09\/pokoj-niebieski-75x75.jpg 75w, https:\/\/www.nzozlitewska.pl\/wp-content\/uploads\/2020\/09\/pokoj-niebieski-230x231.jpg 230w, https:\/\/www.nzozlitewska.pl\/wp-content\/uploads\/2020\/09\/pokoj-niebieski-250x250.jpg 250w, https:\/\/www.nzozlitewska.pl\/wp-content\/uploads\/2020\/09\/pokoj-niebieski-116x116.jpg 116w\" sizes=\"(max-width: 750px) 100vw, 750px\" \/><\/a><\/div><\/div><div class=\"su-image-carousel-item\"><div class=\"su-image-carousel-item-content\"><a href=\"https:\/\/www.nzozlitewska.pl\/wp-content\/uploads\/2020\/09\/pokoj-duzy.jpg\" data-caption=\"\"><img width=\"750\" height=\"750\" src=\"https:\/\/www.nzozlitewska.pl\/wp-content\/uploads\/2020\/09\/pokoj-duzy-1024x1024.jpg\" class=\"\" alt=\"\" loading=\"lazy\" srcset=\"https:\/\/www.nzozlitewska.pl\/wp-content\/uploads\/2020\/09\/pokoj-duzy-1024x1024.jpg 1024w, https:\/\/www.nzozlitewska.pl\/wp-content\/uploads\/2020\/09\/pokoj-duzy-300x300.jpg 300w, https:\/\/www.nzozlitewska.pl\/wp-content\/uploads\/2020\/09\/pokoj-duzy-150x150.jpg 150w, https:\/\/www.nzozlitewska.pl\/wp-content\/uploads\/2020\/09\/pokoj-duzy-768x768.jpg 768w, https:\/\/www.nzozlitewska.pl\/wp-content\/uploads\/2020\/09\/pokoj-duzy-75x75.jpg 75w, https:\/\/www.nzozlitewska.pl\/wp-content\/uploads\/2020\/09\/pokoj-duzy-230x231.jpg 230w, https:\/\/www.nzozlitewska.pl\/wp-content\/uploads\/2020\/09\/pokoj-duzy-250x250.jpg 250w, https:\/\/www.nzozlitewska.pl\/wp-content\/uploads\/2020\/09\/pokoj-duzy-116x116.jpg 116w, https:\/\/www.nzozlitewska.pl\/wp-content\/uploads\/2020\/09\/pokoj-duzy.jpg 1052w\" sizes=\"(max-width: 750px) 100vw, 750px\" \/><\/a><\/div><\/div><div class=\"su-image-carousel-item\"><div class=\"su-image-carousel-item-content\"><a href=\"https:\/\/www.nzozlitewska.pl\/wp-content\/uploads\/2020\/09\/poczekalnia.jpg\" data-caption=\"\"><img width=\"750\" height=\"750\" src=\"https:\/\/www.nzozlitewska.pl\/wp-content\/uploads\/2020\/09\/poczekalnia-1024x1024.jpg\" class=\"\" alt=\"\" loading=\"lazy\" srcset=\"https:\/\/www.nzozlitewska.pl\/wp-content\/uploads\/2020\/09\/poczekalnia-1024x1024.jpg 1024w, https:\/\/www.nzozlitewska.pl\/wp-content\/uploads\/2020\/09\/poczekalnia-300x300.jpg 300w, https:\/\/www.nzozlitewska.pl\/wp-content\/uploads\/2020\/09\/poczekalnia-150x150.jpg 150w, https:\/\/www.nzozlitewska.pl\/wp-content\/uploads\/2020\/09\/poczekalnia-768x767.jpg 768w, https:\/\/www.nzozlitewska.pl\/wp-content\/uploads\/2020\/09\/poczekalnia-75x75.jpg 75w, https:\/\/www.nzozlitewska.pl\/wp-content\/uploads\/2020\/09\/poczekalnia-230x231.jpg 230w, https:\/\/www.nzozlitewska.pl\/wp-content\/uploads\/2020\/09\/poczekalnia-250x250.jpg 250w, https:\/\/www.nzozlitewska.pl\/wp-content\/uploads\/2020\/09\/poczekalnia-116x116.jpg 116w, https:\/\/www.nzozlitewska.pl\/wp-content\/uploads\/2020\/09\/poczekalnia.jpg 1066w\" sizes=\"(max-width: 750px) 100vw, 750px\" \/><\/a><\/div><\/div><div class=\"su-image-carousel-item\"><div class=\"su-image-carousel-item-content\"><a href=\"https:\/\/www.nzozlitewska.pl\/wp-content\/uploads\/2020\/09\/balkon-3.jpg\" data-caption=\"\"><img width=\"750\" height=\"749\" src=\"https:\/\/www.nzozlitewska.pl\/wp-content\/uploads\/2020\/09\/balkon-3.jpg\" class=\"\" alt=\"\" loading=\"lazy\" srcset=\"https:\/\/www.nzozlitewska.pl\/wp-content\/uploads\/2020\/09\/balkon-3.jpg 989w, https:\/\/www.nzozlitewska.pl\/wp-content\/uploads\/2020\/09\/balkon-3-300x300.jpg 300w, https:\/\/www.nzozlitewska.pl\/wp-content\/uploads\/2020\/09\/balkon-3-150x150.jpg 150w, https:\/\/www.nzozlitewska.pl\/wp-content\/uploads\/2020\/09\/balkon-3-768x767.jpg 768w, https:\/\/www.nzozlitewska.pl\/wp-content\/uploads\/2020\/09\/balkon-3-75x75.jpg 75w, https:\/\/www.nzozlitewska.pl\/wp-content\/uploads\/2020\/09\/balkon-3-230x231.jpg 230w, https:\/\/www.nzozlitewska.pl\/wp-content\/uploads\/2020\/09\/balkon-3-250x250.jpg 250w, https:\/\/www.nzozlitewska.pl\/wp-content\/uploads\/2020\/09\/balkon-3-116x116.jpg 116w\" sizes=\"(max-width: 750px) 100vw, 750px\" \/><\/a><\/div><\/div><div class=\"su-image-carousel-item\"><div class=\"su-image-carousel-item-content\"><a href=\"https:\/\/www.nzozlitewska.pl\/wp-content\/uploads\/2022\/09\/IMG-20220828-WA0000.jpg\" data-caption=\"\"><img width=\"740\" height=\"987\" src=\"https:\/\/www.nzozlitewska.pl\/wp-content\/uploads\/2022\/09\/IMG-20220828-WA0000.jpg\" class=\"\" alt=\"\" loading=\"lazy\" srcset=\"https:\/\/www.nzozlitewska.pl\/wp-content\/uploads\/2022\/09\/IMG-20220828-WA0000.jpg 740w, https:\/\/www.nzozlitewska.pl\/wp-content\/uploads\/2022\/09\/IMG-20220828-WA0000-225x300.jpg 225w, https:\/\/www.nzozlitewska.pl\/wp-content\/uploads\/2022\/09\/IMG-20220828-WA0000-87x116.jpg 87w\" sizes=\"(max-width: 740px) 100vw, 740px\" \/><\/a><\/div><\/div><div class=\"su-image-carousel-item\"><div class=\"su-image-carousel-item-content\"><a href=\"https:\/\/www.nzozlitewska.pl\/wp-content\/uploads\/2022\/09\/IMG-20220828-WA0001.jpg\" data-caption=\"\"><img width=\"740\" height=\"987\" src=\"https:\/\/www.nzozlitewska.pl\/wp-content\/uploads\/2022\/09\/IMG-20220828-WA0001.jpg\" class=\"\" alt=\"\" loading=\"lazy\" srcset=\"https:\/\/www.nzozlitewska.pl\/wp-content\/uploads\/2022\/09\/IMG-20220828-WA0001.jpg 740w, https:\/\/www.nzozlitewska.pl\/wp-content\/uploads\/2022\/09\/IMG-20220828-WA0001-225x300.jpg 225w, https:\/\/www.nzozlitewska.pl\/wp-content\/uploads\/2022\/09\/IMG-20220828-WA0001-87x116.jpg 87w\" sizes=\"(max-width: 740px) 100vw, 740px\" \/><\/a><\/div><\/div><\/div><script id=\"su_image_carousel_69e49dc5cf365_script\">if(window.SUImageCarousel){setTimeout(function() {window.SUImageCarousel.initGallery(document.getElementById(\"su_image_carousel_69e49dc5cf365\"))}, 0);}var su_image_carousel_69e49dc5cf365_script=document.getElementById(\"su_image_carousel_69e49dc5cf365_script\");if(su_image_carousel_69e49dc5cf365_script){su_image_carousel_69e49dc5cf365_script.parentNode.removeChild(su_image_carousel_69e49dc5cf365_script);}<\/script>\n<br>\n<h2>Terapia uzale\u017cnienia<\/h2>\n<ul>\n<li>uzale\u017cnienie jest chorob\u0105 przewlek\u0142\u0105, \u015bmierteln\u0105 i nieodwracaln\u0105<\/li>\n<li>je\u015bli ju\u017c do niego dojdzie nie ma powrotu do picia kontrolowanego<\/li>\n<li>leczenie jest d\u0142ugotrwa\u0142e &#8211; oko\u0142o 2 lat<\/li>\n<li>leczenie polega na psychoterapii, wymaga aktywno\u015bci osoby uzale\u017cnionej<\/li>\n<li>wskazany jest udzia\u0142 w psychoterapii indywidualnej i grupowej<\/li>\n<li>celem terapii jest:<\/li>\n<ul style=\"list-style-type: circle;text-indent: 40px;\">\n<li>zaakceptowanie choroby<\/li>\n<li>uznanie bezsilno\u015bci wobec alkoholu<\/li>\n<li>nauczenie radzenia sobie z g\u0142odem<\/li>\n<li>zdolno\u015b\u0107 zapobiegania nawrotom choroby<\/li>\n<li>umiej\u0119tno\u015b\u0107 radzenia sobie z uczuciami<\/li>\n<li>zdobycie umiej\u0119tno\u015bci \u017cyciowych utrwalaj\u0105cych abstynencj\u0119<\/li>\n<li>poznanie siebie<\/li>\n<li>rozw\u00f3j duchowy<\/li>\n<\/ul>\n<\/ul>\n<br>\n<h2>Terapia wsp\u00f3\u0142uzale\u017cnienia<\/h2>\n<p style=\"text-align: justify; text-indent: 40px;\">Polega na rozpoznaniu strat wynik\u0142ych z przystosowania si\u0119 do przewlek\u0142ego stresu oraz pomocy w budowaniu zmiany. Podstawowe obszary:<\/p>\n<ul>\n<li>edukacja na temat uzale\u017cnie\u0144 i wsp\u00f3\u0142uzale\u017cnienia<\/li>\n<li>nauka radzenia sobie w relacji z osob\u0105 pij\u0105c\u0105<\/li>\n<li>poznawanie metody interwencji<\/li>\n<li>umo\u017cliwienie zmiany osobistej w sferze emocjonalnej i w poczuciu w\u0142asnej warto\u015bci<\/li>\n<li>nauka szeroko poj\u0119tych umiej\u0119tno\u015bci radzenia sobie<\/li>\n<li>czas trwania ustalany jest indywidualnie<\/li>\n<li>dla os\u00f3b z rodzinnym obci\u0105\u017ceniem alkoholizmem (DDA) proponujemy specjalistyczn\u0105 psychoterapi\u0119 zaplanowan\u0105 indywidualnie dla konkretnej osoby<\/li>\n<\/ul>\n\n\n\n<p><\/p>\n","protected":false},"excerpt":{"rendered":"<p>Nasza poradnia w obecnej strukturze istnieje od 2004 r. Powsta\u0142a w wyniku reorganizacji Poradni Odwykowej, kt\u00f3ra dzia\u0142a\u0142a wcze\u015bniej &#8211; pierwszych pacjent\u00f3w przyj\u0119\u0142a w 1967 r.<\/p>\n<div class=\"read-more-wrapper\"><a class=\"link small\" href=\"https:\/\/www.nzozlitewska.pl\/index.php\/o-poradni\/\" role=\"button\">Dowiedz si\u0119 wi\u0119cej<span class=\"nc-icon-glyph arrows-1_bold-right\"><\/span><\/a><\/div>\n","protected":false},"author":1,"featured_media":0,"parent":0,"menu_order":0,"comment_status":"closed","ping_status":"closed","template":"","meta":[],"yoast_head":"<!-- This site is optimized with the Yoast SEO plugin v14.9 - https:\/\/yoast.com\/wordpress\/plugins\/seo\/ -->\n<title>O poradni - NZOZ Litewska<\/title>\n<meta name=\"description\" content=\"Zapraszamy do zapoznania si\u0119 z histori\u0105 naszej poradni. Oraz informacji czym jest terapia uzale\u017cnienia i wsp\u00f3\u0142uzale\u017cnienia.\" \/>\n<meta name=\"robots\" content=\"index, follow, max-snippet:-1, max-image-preview:large, max-video-preview:-1\" \/>\n<link rel=\"canonical\" href=\"https:\/\/www.nzozlitewska.pl\/index.php\/o-poradni\/\" \/>\n<meta property=\"og:locale\" content=\"pl_PL\" \/>\n<meta property=\"og:type\" content=\"article\" \/>\n<meta property=\"og:title\" content=\"O poradni - NZOZ Litewska\" \/>\n<meta property=\"og:description\" content=\"Zapraszamy do zapoznania si\u0119 z histori\u0105 naszej poradni. Oraz informacji czym jest terapia uzale\u017cnienia i wsp\u00f3\u0142uzale\u017cnienia.\" \/>\n<meta property=\"og:url\" content=\"https:\/\/www.nzozlitewska.pl\/index.php\/o-poradni\/\" \/>\n<meta property=\"og:site_name\" content=\"NZOZ Litewska\" \/>\n<meta property=\"article:publisher\" content=\"https:\/\/www.facebook.com\/Poradnia-Leczenia-Uzale%c5%bcnie%c5%84-i-Wsp%c3%b3%c5%82uzale%c5%bcnienia-NZOZ-Litewska-106402177881265\/\" \/>\n<meta property=\"article:modified_time\" content=\"2022-09-29T17:12:52+00:00\" \/>\n<meta name=\"twitter:card\" content=\"summary_large_image\" \/>\n<script type=\"application\/ld+json\" class=\"yoast-schema-graph\">{\"@context\":\"https:\/\/schema.org\",\"@graph\":[{\"@type\":\"WebSite\",\"@id\":\"https:\/\/www.nzozlitewska.pl\/#website\",\"url\":\"https:\/\/www.nzozlitewska.pl\/\",\"name\":\"NZOZ Litewska\",\"description\":\"Niepubliczny Zak\\u0142ad Opieki Zdrowotnej Poradnia Leczenia Uzale\\u017cnie\\u0144 i Wsp\\u00f3\\u0142uzale\\u017cnienia\",\"potentialAction\":[{\"@type\":\"SearchAction\",\"target\":\"https:\/\/www.nzozlitewska.pl\/?s={search_term_string}\",\"query-input\":\"required name=search_term_string\"}],\"inLanguage\":\"pl-PL\"},{\"@type\":\"WebPage\",\"@id\":\"https:\/\/www.nzozlitewska.pl\/index.php\/o-poradni\/#webpage\",\"url\":\"https:\/\/www.nzozlitewska.pl\/index.php\/o-poradni\/\",\"name\":\"O poradni - NZOZ Litewska\",\"isPartOf\":{\"@id\":\"https:\/\/www.nzozlitewska.pl\/#website\"},\"datePublished\":\"2020-09-17T15:18:03+00:00\",\"dateModified\":\"2022-09-29T17:12:52+00:00\",\"description\":\"Zapraszamy do zapoznania si\\u0119 z histori\\u0105 naszej poradni. Oraz informacji czym jest terapia uzale\\u017cnienia i wsp\\u00f3\\u0142uzale\\u017cnienia.\",\"inLanguage\":\"pl-PL\",\"potentialAction\":[{\"@type\":\"ReadAction\",\"target\":[\"https:\/\/www.nzozlitewska.pl\/index.php\/o-poradni\/\"]}]}]}<\/script>\n<!-- \/ Yoast SEO plugin. -->","_links":{"self":[{"href":"https:\/\/www.nzozlitewska.pl\/index.php\/wp-json\/wp\/v2\/pages\/60"}],"collection":[{"href":"https:\/\/www.nzozlitewska.pl\/index.php\/wp-json\/wp\/v2\/pages"}],"about":[{"href":"https:\/\/www.nzozlitewska.pl\/index.php\/wp-json\/wp\/v2\/types\/page"}],"author":[{"embeddable":true,"href":"https:\/\/www.nzozlitewska.pl\/index.php\/wp-json\/wp\/v2\/users\/1"}],"replies":[{"embeddable":true,"href":"https:\/\/www.nzozlitewska.pl\/index.php\/wp-json\/wp\/v2\/comments?post=60"}],"version-history":[{"count":24,"href":"https:\/\/www.nzozlitewska.pl\/index.php\/wp-json\/wp\/v2\/pages\/60\/revisions"}],"predecessor-version":[{"id":252,"href":"https:\/\/www.nzozlitewska.pl\/index.php\/wp-json\/wp\/v2\/pages\/60\/revisions\/252"}],"wp:attachment":[{"href":"https:\/\/www.nzozlitewska.pl\/index.php\/wp-json\/wp\/v2\/media?parent=60"}],"curies":[{"name":"wp","href":"https:\/\/api.w.org\/{rel}","templated":true}]}}